{"id":276,"date":"2025-08-01T14:02:49","date_gmt":"2025-08-01T14:02:49","guid":{"rendered":"https:\/\/ilposto.fi\/index.php\/about\/"},"modified":"2026-02-23T13:07:31","modified_gmt":"2026-02-23T13:07:31","slug":"about","status":"publish","type":"page","link":"https:\/\/ristoranteroma.fi\/Roma2\/about\/","title":{"rendered":"About"},"content":{"rendered":"\t\t<div data-elementor-type=\"wp-page\" data-elementor-id=\"276\" class=\"elementor elementor-276\">\n\t\t\t\t<div class=\"elementor-element elementor-element-8c1ca90 e-flex e-con-boxed e-con e-parent\" data-id=\"8c1ca90\" data-element_type=\"container\" data-e-type=\"container\" data-settings=\"{&quot;background_background&quot;:&quot;classic&quot;}\">\n\t\t\t\t\t<div class=\"e-con-inner\">\n\t\t\t\t<div class=\"elementor-element elementor-element-0353a11 elementor-widget elementor-widget-heading\" data-id=\"0353a11\" data-element_type=\"widget\" data-e-type=\"widget\" data-widget_type=\"heading.default\">\n\t\t\t\t\t<h1 class=\"elementor-heading-title elementor-size-default\">Meist\u00e4<\/h1>\t\t\t\t<\/div>\n\t\t\t\t\t<\/div>\n\t\t\t\t<\/div>\n\t\t<div class=\"elementor-element elementor-element-91d5e9c e-flex e-con-boxed e-con e-parent\" data-id=\"91d5e9c\" data-element_type=\"container\" data-e-type=\"container\" data-settings=\"{&quot;background_background&quot;:&quot;classic&quot;}\">\n\t\t\t\t\t<div class=\"e-con-inner\">\n\t\t\t\t<div class=\"elementor-element elementor-element-062431a elementor-widget elementor-widget-heading\" data-id=\"062431a\" data-element_type=\"widget\" data-e-type=\"widget\" data-widget_type=\"heading.default\">\n\t\t\t\t\t<h2 class=\"elementor-heading-title elementor-size-default\">Roma tarina ja intohimo <\/h2>\t\t\t\t<\/div>\n\t\t<div class=\"elementor-element elementor-element-fbcb8e0 e-con-full e-flex e-con e-child\" data-id=\"fbcb8e0\" data-element_type=\"container\" data-e-type=\"container\">\n\t\t<div class=\"elementor-element elementor-element-55721ca e-con-full e-flex e-con e-child\" data-id=\"55721ca\" data-element_type=\"container\" data-e-type=\"container\">\n\t\t\t\t<div class=\"elementor-element elementor-element-8e08ae4 elementor-widget elementor-widget-image\" data-id=\"8e08ae4\" data-element_type=\"widget\" data-e-type=\"widget\" data-widget_type=\"image.default\">\n\t\t\t\t\t\t\t\t\t\t\t\t\t\t\t<img fetchpriority=\"high\" decoding=\"async\" width=\"1536\" height=\"2048\" src=\"https:\/\/ristoranteroma.fi\/Roma2\/wp-content\/uploads\/2026\/01\/roma-22.11.25_34.jpg\" class=\"attachment-full size-full wp-image-2759\" alt=\"\" srcset=\"https:\/\/ristoranteroma.fi\/Roma2\/wp-content\/uploads\/2026\/01\/roma-22.11.25_34.jpg 1536w, https:\/\/ristoranteroma.fi\/Roma2\/wp-content\/uploads\/2026\/01\/roma-22.11.25_34-225x300.jpg 225w, https:\/\/ristoranteroma.fi\/Roma2\/wp-content\/uploads\/2026\/01\/roma-22.11.25_34-768x1024.jpg 768w, https:\/\/ristoranteroma.fi\/Roma2\/wp-content\/uploads\/2026\/01\/roma-22.11.25_34-1152x1536.jpg 1152w, https:\/\/ristoranteroma.fi\/Roma2\/wp-content\/uploads\/2026\/01\/roma-22.11.25_34-1320x1760.jpg 1320w, https:\/\/ristoranteroma.fi\/Roma2\/wp-content\/uploads\/2026\/01\/roma-22.11.25_34-600x800.jpg 600w\" sizes=\"(max-width: 1536px) 100vw, 1536px\" \/>\t\t\t\t\t\t\t\t\t\t\t\t\t\t\t<\/div>\n\t\t\t\t<\/div>\n\t\t<div class=\"elementor-element elementor-element-df9b9a0 e-con-full e-flex e-con e-child\" data-id=\"df9b9a0\" data-element_type=\"container\" data-e-type=\"container\">\n\t\t\t\t<div class=\"elementor-element elementor-element-39d35a4 elementor-widget elementor-widget-image-box\" data-id=\"39d35a4\" data-element_type=\"widget\" data-e-type=\"widget\" data-widget_type=\"image-box.default\">\n\t\t\t\t\t<div class=\"elementor-image-box-wrapper\"><div class=\"elementor-image-box-content\"><h3 class=\"elementor-image-box-title\">Ristorante Roma on italialainen fine dining -ravintola, joka tuo Rooman ja Italian syd\u00e4men Tampereelle. Tarjoamme asiakkaillemme ainutlaatuisen ja elegantin ruokailukokemuksen, jossa yhdistyv\u00e4t huolella valmistetut annokset, laadukkaat raaka-aineet ja l\u00e4mmin, yst\u00e4v\u00e4llinen palvelu.<\/h3><p class=\"elementor-image-box-description\"> \n\nPerustamisestamme l\u00e4htien tavoitteemme on ollut luoda paikka, jossa jokainen vierailu tuntuu matkalta Italiaan \u2014 olitpa tulossa romanttiselle illalliselle, juhlimaan erityist\u00e4 tilaisuutta tai nauttimaan upeasta illallisesta yst\u00e4vien kanssa.<\/p><\/div><\/div>\t\t\t\t<\/div>\n\t\t\t\t<div class=\"elementor-element elementor-element-dbb3f26 elementor-widget elementor-widget-heading\" data-id=\"dbb3f26\" data-element_type=\"widget\" data-e-type=\"widget\" data-widget_type=\"heading.default\">\n\t\t\t\t\t<p class=\"elementor-heading-title elementor-size-default\">Olemme palvelleet monenlaista asiakaskuntaa: romanttisia illallisia, perhejuhlia ja yritystilaisuuksia. Asiakkaamme palaavat luoksemme nauttimaan unohtumattomista makuhetkist\u00e4 ja ainutlaatuisista kokemuksista.\n\n<\/p>\t\t\t\t<\/div>\n\t\t\t\t<\/div>\n\t\t\t\t<\/div>\n\t\t\t\t\t<\/div>\n\t\t\t\t<\/div>\n\t\t<div class=\"elementor-element elementor-element-e289fec e-flex e-con-boxed e-con e-parent\" data-id=\"e289fec\" data-element_type=\"container\" data-e-type=\"container\" data-settings=\"{&quot;background_background&quot;:&quot;classic&quot;}\">\n\t\t\t\t\t<div class=\"e-con-inner\">\n\t\t\t\t<div class=\"elementor-element elementor-element-b8a78a3 elementor-widget elementor-widget-image-box\" data-id=\"b8a78a3\" data-element_type=\"widget\" data-e-type=\"widget\" data-widget_type=\"image-box.default\">\n\t\t\t\t\t<div class=\"elementor-image-box-wrapper\"><div class=\"elementor-image-box-content\"><h2 class=\"elementor-image-box-title\">Arvomme\u200b<\/h2><p class=\"elementor-image-box-description\">Meid\u00e4n arvomme ohjaavat toimintaamme ja varmistavat, ett\u00e4 jokainen vierailu on erityinen ja unohtumaton kokemus. <\/p><\/div><\/div>\t\t\t\t<\/div>\n\t\t<div class=\"elementor-element elementor-element-2d283a9 e-con-full e-flex e-con e-child\" data-id=\"2d283a9\" data-element_type=\"container\" data-e-type=\"container\">\n\t\t\t\t<div class=\"elementor-element elementor-element-f6d7bd9 elementor-widget elementor-widget-image-box\" data-id=\"f6d7bd9\" data-element_type=\"widget\" data-e-type=\"widget\" data-widget_type=\"image-box.default\">\n\t\t\t\t\t<div class=\"elementor-image-box-wrapper\"><div class=\"elementor-image-box-content\"><h3 class=\"elementor-image-box-title\">Laatu\u200b<\/h3><p class=\"elementor-image-box-description\">Sitoudumme k\u00e4ytt\u00e4m\u00e4\u00e4n vain parhaita raaka-aineita, oli kyse sitten pastasta, risotosta, pizzasta tai p\u00e4\u00e4ruoista. Raaka-aineidemme laatu n\u00e4kyy jokaisessa annoksessa ja maistuu jokaisessa suupalassa.<\/p><\/div><\/div>\t\t\t\t<\/div>\n\t\t\t\t<div class=\"elementor-element elementor-element-84273d3 elementor-widget elementor-widget-image-box\" data-id=\"84273d3\" data-element_type=\"widget\" data-e-type=\"widget\" data-widget_type=\"image-box.default\">\n\t\t\t\t\t<div class=\"elementor-image-box-wrapper\"><div class=\"elementor-image-box-content\"><h3 class=\"elementor-image-box-title\">Asiakaskokemus<\/h3><p class=\"elementor-image-box-description\">Haluamme, ett\u00e4 jokainen vieras tuntee itsens\u00e4 tervetulleeksi ja viihtyy meille suunnitellussa l\u00e4mpim\u00e4ss\u00e4 ja tyylikk\u00e4\u00e4ss\u00e4 ymp\u00e4rist\u00f6ss\u00e4. Palvelumme on aina yst\u00e4v\u00e4llist\u00e4, ammattilaisten hoitamaa ja asiakasl\u00e4ht\u00f6ist\u00e4.<\/p><\/div><\/div>\t\t\t\t<\/div>\n\t\t\t\t<div class=\"elementor-element elementor-element-88d869d elementor-widget elementor-widget-image-box\" data-id=\"88d869d\" data-element_type=\"widget\" data-e-type=\"widget\" data-widget_type=\"image-box.default\">\n\t\t\t\t\t<div class=\"elementor-image-box-wrapper\"><div class=\"elementor-image-box-content\"><h3 class=\"elementor-image-box-title\">Aito italialainen tunnelma<\/h3><p class=\"elementor-image-box-description\">Ravintolamme on kunnianosoitus italialaiselle ruokakulttuurille ja -perinteille. Ruokamme ja tunnelmamme viev\u00e4t sinut suoraan Rooman kaduille, jossa maku ja el\u00e4mykset ovat kaiken keski\u00f6ss\u00e4<\/p><\/div><\/div>\t\t\t\t<\/div>\n\t\t\t\t<\/div>\n\t\t\t\t\t<\/div>\n\t\t\t\t<\/div>\n\t\t<div class=\"elementor-element elementor-element-280ab12 e-flex e-con-boxed e-con e-parent\" data-id=\"280ab12\" data-element_type=\"container\" data-e-type=\"container\">\n\t\t\t\t\t<div class=\"e-con-inner\">\n\t\t\t\t\t<\/div>\n\t\t\t\t<\/div>\n\t\t<div class=\"elementor-element elementor-element-e486c54 e-flex e-con-boxed e-con e-parent\" data-id=\"e486c54\" data-element_type=\"container\" data-e-type=\"container\">\n\t\t\t\t\t<div class=\"e-con-inner\">\n\t\t\t\t\t<\/div>\n\t\t\t\t<\/div>\n\t\t<div class=\"elementor-element elementor-element-663a56d e-flex e-con-boxed e-con e-parent\" data-id=\"663a56d\" data-element_type=\"container\" data-e-type=\"container\">\n\t\t\t\t\t<div class=\"e-con-inner\">\n\t\t\t\t\t<\/div>\n\t\t\t\t<\/div>\n\t\t<div class=\"elementor-element elementor-element-7abb059 e-flex e-con-boxed e-con e-parent\" data-id=\"7abb059\" data-element_type=\"container\" data-e-type=\"container\" data-settings=\"{&quot;background_background&quot;:&quot;classic&quot;}\">\n\t\t\t\t\t<div class=\"e-con-inner\">\n\t\t\t\t<div class=\"elementor-element elementor-element-061b1b5 elementor-widget elementor-widget-image-box\" data-id=\"061b1b5\" data-element_type=\"widget\" data-e-type=\"widget\" data-widget_type=\"image-box.default\">\n\t\t\t\t\t<div class=\"elementor-image-box-wrapper\"><div class=\"elementor-image-box-content\"><h3 class=\"elementor-image-box-title\">Rooman maut, Tampereen syd\u00e4mess\u00e4<\/h3><p class=\"elementor-image-box-description\">Tervetuloa nauttimaan italialaisesta keitti\u00f6st\u00e4, yst\u00e4v\u00e4llisest\u00e4 palvelusta ja hetkist\u00e4, jotka j\u00e4\u00e4v\u00e4t mieleen. Varaa p\u00f6yt\u00e4 ja anna illan alkaa.<\/p><\/div><\/div>\t\t\t\t<\/div>\n\t\t\t\t\t<\/div>\n\t\t\t\t<\/div>\n\t\t\t\t<\/div>\n\t\t","protected":false},"excerpt":{"rendered":"<p>Meist\u00e4 Roma tarina ja intohimo Ristorante Roma on italialainen fine dining -ravintola, joka tuo Rooman ja Italian syd\u00e4men Tampereelle. Tarjoamme [&hellip;]<\/p>\n","protected":false},"author":1,"featured_media":0,"parent":0,"menu_order":0,"comment_status":"closed","ping_status":"closed","template":"","meta":{"site-sidebar-layout":"no-sidebar","site-content-layout":"","ast-site-content-layout":"full-width-container","site-content-style":"default","site-sidebar-style":"default","ast-global-header-display":"","ast-banner-title-visibility":"","ast-main-header-display":"","ast-hfb-above-header-display":"","ast-hfb-below-header-display":"","ast-hfb-mobile-header-display":"","site-post-title":"disabled","ast-breadcrumbs-content":"","ast-featured-img":"disabled","footer-sml-layout":"","ast-disable-related-posts":"","theme-transparent-header-meta":"","adv-header-id-meta":"","stick-header-meta":"","header-above-stick-meta":"","header-main-stick-meta":"","header-below-stick-meta":"","astra-migrate-meta-layouts":"default","ast-page-background-enabled":"default","ast-page-background-meta":{"desktop":{"background-color":"var(--ast-global-color-5)","background-image":"","background-repeat":"repeat","background-position":"center center","background-size":"auto","background-attachment":"scroll","background-type":"","background-media":"","overlay-type":"","overlay-color":"","overlay-opacity":"","overlay-gradient":""},"tablet":{"background-color":"","background-image":"","background-repeat":"repeat","background-position":"center center","background-size":"auto","background-attachment":"scroll","background-type":"","background-media":"","overlay-type":"","overlay-color":"","overlay-opacity":"","overlay-gradient":""},"mobile":{"background-color":"","background-image":"","background-repeat":"repeat","background-position":"center center","background-size":"auto","background-attachment":"scroll","background-type":"","background-media":"","overlay-type":"","overlay-color":"","overlay-opacity":"","overlay-gradient":""}},"ast-content-background-meta":{"desktop":{"background-color":"var(--ast-global-color-4)","background-image":"","background-repeat":"repeat","background-position":"center center","background-size":"auto","background-attachment":"scroll","background-type":"","background-media":"","overlay-type":"","overlay-color":"","overlay-opacity":"","overlay-gradient":""},"tablet":{"background-color":"var(--ast-global-color-4)","background-image":"","background-repeat":"repeat","background-position":"center center","background-size":"auto","background-attachment":"scroll","background-type":"","background-media":"","overlay-type":"","overlay-color":"","overlay-opacity":"","overlay-gradient":""},"mobile":{"background-color":"var(--ast-global-color-4)","background-image":"","background-repeat":"repeat","background-position":"center center","background-size":"auto","background-attachment":"scroll","background-type":"","background-media":"","overlay-type":"","overlay-color":"","overlay-opacity":"","overlay-gradient":""}},"footnotes":""},"class_list":["post-276","page","type-page","status-publish","hentry"],"_links":{"self":[{"href":"https:\/\/ristoranteroma.fi\/Roma2\/wp-json\/wp\/v2\/pages\/276","targetHints":{"allow":["GET"]}}],"collection":[{"href":"https:\/\/ristoranteroma.fi\/Roma2\/wp-json\/wp\/v2\/pages"}],"about":[{"href":"https:\/\/ristoranteroma.fi\/Roma2\/wp-json\/wp\/v2\/types\/page"}],"author":[{"embeddable":true,"href":"https:\/\/ristoranteroma.fi\/Roma2\/wp-json\/wp\/v2\/users\/1"}],"replies":[{"embeddable":true,"href":"https:\/\/ristoranteroma.fi\/Roma2\/wp-json\/wp\/v2\/comments?post=276"}],"version-history":[{"count":70,"href":"https:\/\/ristoranteroma.fi\/Roma2\/wp-json\/wp\/v2\/pages\/276\/revisions"}],"predecessor-version":[{"id":3686,"href":"https:\/\/ristoranteroma.fi\/Roma2\/wp-json\/wp\/v2\/pages\/276\/revisions\/3686"}],"wp:attachment":[{"href":"https:\/\/ristoranteroma.fi\/Roma2\/wp-json\/wp\/v2\/media?parent=276"}],"curies":[{"name":"wp","href":"https:\/\/api.w.org\/{rel}","templated":true}]}}