{"id":275,"date":"2025-08-01T14:02:49","date_gmt":"2025-08-01T14:02:49","guid":{"rendered":"https:\/\/ilposto.fi\/index.php\/home\/"},"modified":"2026-02-23T12:48:48","modified_gmt":"2026-02-23T12:48:48","slug":"home","status":"publish","type":"page","link":"https:\/\/ristoranteroma.fi\/Roma2\/","title":{"rendered":"Home"},"content":{"rendered":"\t\t<div data-elementor-type=\"wp-page\" data-elementor-id=\"275\" class=\"elementor elementor-275\">\n\t\t\t\t<div class=\"elementor-element elementor-element-6706b7e e-flex e-con-boxed e-con e-parent\" data-id=\"6706b7e\" data-element_type=\"container\" data-e-type=\"container\" data-settings=\"{&quot;background_background&quot;:&quot;classic&quot;}\">\n\t\t\t\t\t<div class=\"e-con-inner\">\n\t\t\t\t\t<\/div>\n\t\t\t\t<\/div>\n\t\t<div class=\"elementor-element elementor-element-8258140 e-flex e-con-boxed e-con e-parent\" data-id=\"8258140\" data-element_type=\"container\" data-e-type=\"container\">\n\t\t\t\t\t<div class=\"e-con-inner\">\n\t\t<div class=\"elementor-element elementor-element-ca154a1 e-con-full e-flex e-con e-child\" data-id=\"ca154a1\" data-element_type=\"container\" data-e-type=\"container\">\n\t\t\t\t<div class=\"elementor-element elementor-element-5eb4e62 elementor-widget elementor-widget-heading\" data-id=\"5eb4e62\" data-element_type=\"widget\" data-e-type=\"widget\" data-widget_type=\"heading.default\">\n\t\t\t\t\t<h2 class=\"elementor-heading-title elementor-size-default\">Aito italialainen el\u00e4mys\nRoomalaisia makuja, viini\u00e4 ja tunnelmaa elegantissa ymp\u00e4rist\u00f6ss\u00e4 Tampereella <\/h2>\t\t\t\t<\/div>\n\t\t\t\t<\/div>\n\t\t\t\t\t<\/div>\n\t\t\t\t<\/div>\n\t\t<div class=\"elementor-element elementor-element-114bfa5 e-flex e-con-boxed e-con e-parent\" data-id=\"114bfa5\" data-element_type=\"container\" data-e-type=\"container\" data-settings=\"{&quot;background_background&quot;:&quot;slideshow&quot;,&quot;background_slideshow_gallery&quot;:[],&quot;background_slideshow_loop&quot;:&quot;yes&quot;,&quot;background_slideshow_slide_duration&quot;:5000,&quot;background_slideshow_slide_transition&quot;:&quot;fade&quot;,&quot;background_slideshow_transition_duration&quot;:500}\">\n\t\t\t\t\t<div class=\"e-con-inner\">\n\t\t\t\t<div class=\"elementor-element elementor-element-e757b22 elementor-align-center elementor-widget__width-inherit elementor-widget elementor-widget-button\" data-id=\"e757b22\" data-element_type=\"widget\" data-e-type=\"widget\" data-widget_type=\"button.default\">\n\t\t\t\t\t\t\t\t\t\t<a class=\"elementor-button elementor-button-link elementor-size-sm\" href=\"https:\/\/www.quandoo.fi\/fi\/checkout-widget\/widget?merchantId=103134&#038;primaryColor=cd2a36&#038;theme=light&#038;aid=146&#038;utm_source=quandoo-partner&#038;utm_medium=widget-link\">\n\t\t\t\t\t\t<span class=\"elementor-button-content-wrapper\">\n\t\t\t\t\t\t\t\t\t<span class=\"elementor-button-text\">Varaa p\u00f6yt\u00e4 nyt<\/span>\n\t\t\t\t\t<\/span>\n\t\t\t\t\t<\/a>\n\t\t\t\t\t\t\t\t<\/div>\n\t\t\t\t\t<\/div>\n\t\t\t\t<\/div>\n\t\t<div class=\"elementor-element elementor-element-735d843 e-flex e-con-boxed e-con e-parent\" data-id=\"735d843\" data-element_type=\"container\" data-e-type=\"container\" data-settings=\"{&quot;background_background&quot;:&quot;classic&quot;}\">\n\t\t\t\t\t<div class=\"e-con-inner\">\n\t\t\t\t<div class=\"elementor-element elementor-element-e81376a elementor-widget elementor-widget-image-box\" data-id=\"e81376a\" data-element_type=\"widget\" data-e-type=\"widget\" data-widget_type=\"image-box.default\">\n\t\t\t\t\t<div class=\"elementor-image-box-wrapper\"><div class=\"elementor-image-box-content\"><h2 class=\"elementor-image-box-title\">Tutustu p\u00e4\u00e4ruokiimme ja herkkuihin <\/h2><p class=\"elementor-image-box-description\">Roma laajan valikoiman aitoja italialaisia makuja, jotka viev\u00e4t sinut unohtumattomalle makumatkalle.<\/p><\/div><\/div>\t\t\t\t<\/div>\n\t\t<div class=\"elementor-element elementor-element-a410366 e-con-full e-flex e-con e-child\" data-id=\"a410366\" data-element_type=\"container\" data-e-type=\"container\">\n\t\t<div class=\"elementor-element elementor-element-bf43d19 e-con-full e-flex e-con e-child\" data-id=\"bf43d19\" data-element_type=\"container\" data-e-type=\"container\">\n\t\t\t\t<div class=\"elementor-element elementor-element-51f32f0 elementor-widget elementor-widget-image\" data-id=\"51f32f0\" data-element_type=\"widget\" data-e-type=\"widget\" data-widget_type=\"image.default\">\n\t\t\t\t\t\t\t\t\t\t\t\t\t\t\t<img fetchpriority=\"high\" decoding=\"async\" width=\"2048\" height=\"1365\" src=\"https:\/\/ristoranteroma.fi\/Roma2\/wp-content\/uploads\/2026\/01\/Roma-Ruoka-26.01.26_11.jpg\" class=\"attachment-full size-full wp-image-3091\" alt=\"\" srcset=\"https:\/\/ristoranteroma.fi\/Roma2\/wp-content\/uploads\/2026\/01\/Roma-Ruoka-26.01.26_11.jpg 2048w, https:\/\/ristoranteroma.fi\/Roma2\/wp-content\/uploads\/2026\/01\/Roma-Ruoka-26.01.26_11-300x200.jpg 300w, https:\/\/ristoranteroma.fi\/Roma2\/wp-content\/uploads\/2026\/01\/Roma-Ruoka-26.01.26_11-1024x683.jpg 1024w, https:\/\/ristoranteroma.fi\/Roma2\/wp-content\/uploads\/2026\/01\/Roma-Ruoka-26.01.26_11-768x512.jpg 768w, https:\/\/ristoranteroma.fi\/Roma2\/wp-content\/uploads\/2026\/01\/Roma-Ruoka-26.01.26_11-1536x1024.jpg 1536w\" sizes=\"(max-width: 2048px) 100vw, 2048px\" \/>\t\t\t\t\t\t\t\t\t\t\t\t\t\t\t<\/div>\n\t\t\t\t<div class=\"elementor-element elementor-element-5ba577e elementor-widget elementor-widget-image-box\" data-id=\"5ba577e\" data-element_type=\"widget\" data-e-type=\"widget\" data-widget_type=\"image-box.default\">\n\t\t\t\t\t<div class=\"elementor-image-box-wrapper\"><div class=\"elementor-image-box-content\"><h3 class=\"elementor-image-box-title\">Pizzat<\/h3><p class=\"elementor-image-box-description\">Ristorante Roman pizzat valmistetaan roomalaiseen tapaan ohuelle ja rapealle pohjalle, tasapainoisilla t\u00e4ytteill\u00e4 ja laadukkailla raaka-aineilla perinteisesti.\n\n\u201cRoomalainen pizza on taidetta \u2013 v\u00e4hemm\u00e4n on enemm\u00e4n.\u201d<\/p><\/div><\/div>\t\t\t\t<\/div>\n\t\t\t\t<\/div>\n\t\t<div class=\"elementor-element elementor-element-f239f43 e-con-full e-flex e-con e-child\" data-id=\"f239f43\" data-element_type=\"container\" data-e-type=\"container\">\n\t\t\t\t<div class=\"elementor-element elementor-element-8e53c1e elementor-widget elementor-widget-image\" data-id=\"8e53c1e\" data-element_type=\"widget\" data-e-type=\"widget\" data-widget_type=\"image.default\">\n\t\t\t\t\t\t\t\t\t\t\t\t\t\t\t<img decoding=\"async\" width=\"2048\" height=\"1365\" src=\"https:\/\/ristoranteroma.fi\/Roma2\/wp-content\/uploads\/2026\/01\/Roma-Ruoka-26.01.26_9.jpg\" class=\"attachment-full size-full wp-image-3089\" alt=\"\" srcset=\"https:\/\/ristoranteroma.fi\/Roma2\/wp-content\/uploads\/2026\/01\/Roma-Ruoka-26.01.26_9.jpg 2048w, https:\/\/ristoranteroma.fi\/Roma2\/wp-content\/uploads\/2026\/01\/Roma-Ruoka-26.01.26_9-300x200.jpg 300w, https:\/\/ristoranteroma.fi\/Roma2\/wp-content\/uploads\/2026\/01\/Roma-Ruoka-26.01.26_9-1024x683.jpg 1024w, https:\/\/ristoranteroma.fi\/Roma2\/wp-content\/uploads\/2026\/01\/Roma-Ruoka-26.01.26_9-768x512.jpg 768w, https:\/\/ristoranteroma.fi\/Roma2\/wp-content\/uploads\/2026\/01\/Roma-Ruoka-26.01.26_9-1536x1024.jpg 1536w\" sizes=\"(max-width: 2048px) 100vw, 2048px\" \/>\t\t\t\t\t\t\t\t\t\t\t\t\t\t\t<\/div>\n\t\t\t\t<div class=\"elementor-element elementor-element-0262834 elementor-widget elementor-widget-image-box\" data-id=\"0262834\" data-element_type=\"widget\" data-e-type=\"widget\" data-widget_type=\"image-box.default\">\n\t\t\t\t\t<div class=\"elementor-image-box-wrapper\"><div class=\"elementor-image-box-content\"><h3 class=\"elementor-image-box-title\">P\u00e4\u00e4ruoka<\/h3><p class=\"elementor-image-box-description\">Ristorante Roman p\u00e4\u00e4ruoissa korostuvat italialaisen keitti\u00f6n klassikot \u2013 huolella valmistettu liha, kala ja kasvikset, joissa maku on p\u00e4\u00e4osassa.\n<br>\n\u201cYksinkertaisuus on italialaisen keitti\u00f6n suurin vahvuus.\u201d<\/p><\/div><\/div>\t\t\t\t<\/div>\n\t\t\t\t<\/div>\n\t\t<div class=\"elementor-element elementor-element-bb804fc e-con-full e-flex e-con e-child\" data-id=\"bb804fc\" data-element_type=\"container\" data-e-type=\"container\">\n\t\t\t\t<div class=\"elementor-element elementor-element-c5effc6 elementor-widget elementor-widget-image\" data-id=\"c5effc6\" data-element_type=\"widget\" data-e-type=\"widget\" data-widget_type=\"image.default\">\n\t\t\t\t\t\t\t\t\t\t\t\t\t\t\t<img decoding=\"async\" width=\"2048\" height=\"1365\" src=\"https:\/\/ristoranteroma.fi\/Roma2\/wp-content\/uploads\/2026\/01\/Roma-Ruoka-26.01.26_16.jpg\" class=\"attachment-full size-full wp-image-3096\" alt=\"\" srcset=\"https:\/\/ristoranteroma.fi\/Roma2\/wp-content\/uploads\/2026\/01\/Roma-Ruoka-26.01.26_16.jpg 2048w, https:\/\/ristoranteroma.fi\/Roma2\/wp-content\/uploads\/2026\/01\/Roma-Ruoka-26.01.26_16-300x200.jpg 300w, https:\/\/ristoranteroma.fi\/Roma2\/wp-content\/uploads\/2026\/01\/Roma-Ruoka-26.01.26_16-1024x683.jpg 1024w, https:\/\/ristoranteroma.fi\/Roma2\/wp-content\/uploads\/2026\/01\/Roma-Ruoka-26.01.26_16-768x512.jpg 768w, https:\/\/ristoranteroma.fi\/Roma2\/wp-content\/uploads\/2026\/01\/Roma-Ruoka-26.01.26_16-1536x1024.jpg 1536w\" sizes=\"(max-width: 2048px) 100vw, 2048px\" \/>\t\t\t\t\t\t\t\t\t\t\t\t\t\t\t<\/div>\n\t\t\t\t<div class=\"elementor-element elementor-element-408dc91 elementor-widget elementor-widget-image-box\" data-id=\"408dc91\" data-element_type=\"widget\" data-e-type=\"widget\" data-widget_type=\"image-box.default\">\n\t\t\t\t\t<div class=\"elementor-image-box-wrapper\"><div class=\"elementor-image-box-content\"><h3 class=\"elementor-image-box-title\">Rissotot ja Pastat<\/h3><p class=\"elementor-image-box-description\">Ristorante Romassa pasta ja risotto valmistetaan perinteit\u00e4 kunnioittaen, k\u00e4sity\u00f6n\u00e4 ja valituista raaka-aineista, joissa maku ja rakenne korostuvat.\n\n\u201cHyv\u00e4 pasta syntyy ajan ja rakkauden kanssa.\u201d<\/p><\/div><\/div>\t\t\t\t<\/div>\n\t\t\t\t<\/div>\n\t\t\t\t<\/div>\n\t\t\t\t\t<\/div>\n\t\t\t\t<\/div>\n\t\t<div class=\"elementor-element elementor-element-786a8a2 e-flex e-con-boxed e-con e-parent\" data-id=\"786a8a2\" data-element_type=\"container\" data-e-type=\"container\" data-settings=\"{&quot;background_background&quot;:&quot;classic&quot;}\">\n\t\t\t\t\t<div class=\"e-con-inner\">\n\t\t<div class=\"elementor-element elementor-element-f409a1e e-con-full e-flex e-con e-child\" data-id=\"f409a1e\" data-element_type=\"container\" data-e-type=\"container\">\n\t\t\t\t<div class=\"elementor-element elementor-element-89f0474 elementor-widget elementor-widget-image\" data-id=\"89f0474\" data-element_type=\"widget\" data-e-type=\"widget\" data-widget_type=\"image.default\">\n\t\t\t\t\t\t\t\t\t\t\t\t\t\t\t<img loading=\"lazy\" decoding=\"async\" width=\"1536\" height=\"2048\" src=\"https:\/\/ristoranteroma.fi\/Roma2\/wp-content\/uploads\/2026\/01\/roma-22.11.25_20.jpg\" class=\"attachment-full size-full wp-image-2715\" alt=\"\" srcset=\"https:\/\/ristoranteroma.fi\/Roma2\/wp-content\/uploads\/2026\/01\/roma-22.11.25_20.jpg 1536w, https:\/\/ristoranteroma.fi\/Roma2\/wp-content\/uploads\/2026\/01\/roma-22.11.25_20-225x300.jpg 225w, https:\/\/ristoranteroma.fi\/Roma2\/wp-content\/uploads\/2026\/01\/roma-22.11.25_20-768x1024.jpg 768w, https:\/\/ristoranteroma.fi\/Roma2\/wp-content\/uploads\/2026\/01\/roma-22.11.25_20-1152x1536.jpg 1152w, https:\/\/ristoranteroma.fi\/Roma2\/wp-content\/uploads\/2026\/01\/roma-22.11.25_20-1320x1760.jpg 1320w, https:\/\/ristoranteroma.fi\/Roma2\/wp-content\/uploads\/2026\/01\/roma-22.11.25_20-600x800.jpg 600w\" sizes=\"(max-width: 1536px) 100vw, 1536px\" \/>\t\t\t\t\t\t\t\t\t\t\t\t\t\t\t<\/div>\n\t\t\t\t<\/div>\n\t\t<div class=\"elementor-element elementor-element-de808ca e-con-full e-flex e-con e-child\" data-id=\"de808ca\" data-element_type=\"container\" data-e-type=\"container\">\n\t\t\t\t<div class=\"elementor-element elementor-element-a260131 elementor-widget elementor-widget-image-box\" data-id=\"a260131\" data-element_type=\"widget\" data-e-type=\"widget\" data-widget_type=\"image-box.default\">\n\t\t\t\t\t<div class=\"elementor-image-box-wrapper\"><div class=\"elementor-image-box-content\"><h2 class=\"elementor-image-box-title\">Roman tarina ja intohimo<\/h2><p class=\"elementor-image-box-description\">Ristorante Roma on paikka, jossa italialaiset perinteet ja ajaton ruokakulttuuri kohtaavat. Keitti\u00f6mme ammentaa inspiraationsa Rooman klassikoista \u2013 puhtaista mauista, huolella valituista raaka-aineista ja yksinkertaisuudesta, jossa laatu on aina etusijalla.\n\nRistorante Romassa ruoka, viini ja tunnelma muodostavat kokonaisuuden, jossa jokainen yksityiskohta on harkittu. Tervetuloa nauttimaan italialaisesta keitti\u00f6st\u00e4 juuri sellaisena kuin sen kuuluu olla.<\/p><\/div><\/div>\t\t\t\t<\/div>\n\t\t\t\t<div class=\"elementor-element elementor-element-d15b1f8 elementor-align-left elementor-widget elementor-widget-button\" data-id=\"d15b1f8\" data-element_type=\"widget\" data-e-type=\"widget\" data-widget_type=\"button.default\">\n\t\t\t\t\t\t\t\t\t\t<a class=\"elementor-button elementor-button-link elementor-size-sm\" href=\"https:\/\/ristoranteroma.fi\/Roma2\/about\/\">\n\t\t\t\t\t\t<span class=\"elementor-button-content-wrapper\">\n\t\t\t\t\t\t\t\t\t<span class=\"elementor-button-text\">Lis\u00e4tietoja<\/span>\n\t\t\t\t\t<\/span>\n\t\t\t\t\t<\/a>\n\t\t\t\t\t\t\t\t<\/div>\n\t\t\t\t<\/div>\n\t\t\t\t\t<\/div>\n\t\t\t\t<\/div>\n\t\t<div class=\"elementor-element elementor-element-d2b4540 e-flex e-con-boxed e-con e-parent\" data-id=\"d2b4540\" data-element_type=\"container\" data-e-type=\"container\" data-settings=\"{&quot;background_background&quot;:&quot;classic&quot;}\">\n\t\t\t\t\t<div class=\"e-con-inner\">\n\t\t\t\t<div class=\"elementor-element elementor-element-cba9b07 elementor-widget elementor-widget-image-box\" data-id=\"cba9b07\" data-element_type=\"widget\" data-e-type=\"widget\" data-widget_type=\"image-box.default\">\n\t\t\t\t\t<div class=\"elementor-image-box-wrapper\"><div class=\"elementor-image-box-content\"><h2 class=\"elementor-image-box-title\">Aitoa italialaista ruokakulttuuria Tampereen syd\u00e4mess\u00e4<\/h2><p class=\"elementor-image-box-description\">Meid\u00e4n vahvuutemme ovat laadukkaat raaka-aineet, yst\u00e4v\u00e4llinen palvelu ja ainutlaatuinen tunnelma, jotka tekev\u00e4t joka k\u00e4ynnist\u00e4 erityisen.<\/p><\/div><\/div>\t\t\t\t<\/div>\n\t\t<div class=\"elementor-element elementor-element-3f09503 e-con-full e-flex e-con e-child\" data-id=\"3f09503\" data-element_type=\"container\" data-e-type=\"container\">\n\t\t<div class=\"elementor-element elementor-element-1722c6c e-con-full e-flex e-con e-child\" data-id=\"1722c6c\" data-element_type=\"container\" data-e-type=\"container\">\n\t\t\t\t<div class=\"elementor-element elementor-element-3406c83 elementor-widget elementor-widget-image\" data-id=\"3406c83\" data-element_type=\"widget\" data-e-type=\"widget\" data-widget_type=\"image.default\">\n\t\t\t\t\t\t\t\t\t\t\t\t\t\t\t<img loading=\"lazy\" decoding=\"async\" width=\"1536\" height=\"2048\" src=\"https:\/\/ristoranteroma.fi\/Roma2\/wp-content\/uploads\/2026\/01\/roma-22.11.25_6.jpg\" class=\"attachment-full size-full wp-image-2719\" alt=\"\" srcset=\"https:\/\/ristoranteroma.fi\/Roma2\/wp-content\/uploads\/2026\/01\/roma-22.11.25_6.jpg 1536w, https:\/\/ristoranteroma.fi\/Roma2\/wp-content\/uploads\/2026\/01\/roma-22.11.25_6-225x300.jpg 225w, https:\/\/ristoranteroma.fi\/Roma2\/wp-content\/uploads\/2026\/01\/roma-22.11.25_6-768x1024.jpg 768w, https:\/\/ristoranteroma.fi\/Roma2\/wp-content\/uploads\/2026\/01\/roma-22.11.25_6-1152x1536.jpg 1152w, https:\/\/ristoranteroma.fi\/Roma2\/wp-content\/uploads\/2026\/01\/roma-22.11.25_6-1320x1760.jpg 1320w, https:\/\/ristoranteroma.fi\/Roma2\/wp-content\/uploads\/2026\/01\/roma-22.11.25_6-600x800.jpg 600w\" sizes=\"(max-width: 1536px) 100vw, 1536px\" \/>\t\t\t\t\t\t\t\t\t\t\t\t\t\t\t<\/div>\n\t\t\t\t<\/div>\n\t\t<div class=\"elementor-element elementor-element-6c84982 e-con-full e-flex e-con e-child\" data-id=\"6c84982\" data-element_type=\"container\" data-e-type=\"container\">\n\t\t\t\t<div class=\"elementor-element elementor-element-be530ae elementor-widget elementor-widget-image-box\" data-id=\"be530ae\" data-element_type=\"widget\" data-e-type=\"widget\" data-widget_type=\"image-box.default\">\n\t\t\t\t\t<div class=\"elementor-image-box-wrapper\"><div class=\"elementor-image-box-content\"><h3 class=\"elementor-image-box-title\">Aitoa roomalaista perinnett\u00e4<\/h3><p class=\"elementor-image-box-description\">Tarjoamme asiakkaillemme aitoja roomalaisia makuja, joiden juuret ovat syv\u00e4ll\u00e4 Italian historiassa ja ruokakulttuurissa. Jokainen annos on kuin matka Rooman syd\u00e4meen.<\/p><\/div><\/div>\t\t\t\t<\/div>\n\t\t\t\t<div class=\"elementor-element elementor-element-e5a618a elementor-align-left elementor-widget elementor-widget-button\" data-id=\"e5a618a\" data-element_type=\"widget\" data-e-type=\"widget\" data-widget_type=\"button.default\">\n\t\t\t\t\t\t\t\t\t\t<a class=\"elementor-button elementor-button-link elementor-size-sm\" href=\"https:\/\/ristoranteroma.fi\/Roma2\/offerings\/\">\n\t\t\t\t\t\t<span class=\"elementor-button-content-wrapper\">\n\t\t\t\t\t\t\t\t\t<span class=\"elementor-button-text\">Lis\u00e4tietoja<\/span>\n\t\t\t\t\t<\/span>\n\t\t\t\t\t<\/a>\n\t\t\t\t\t\t\t\t<\/div>\n\t\t\t\t<\/div>\n\t\t\t\t<\/div>\n\t\t<div class=\"elementor-element elementor-element-7d95bb6 e-con-full e-flex e-con e-child\" data-id=\"7d95bb6\" data-element_type=\"container\" data-e-type=\"container\">\n\t\t<div class=\"elementor-element elementor-element-cd58ab0 e-con-full e-flex e-con e-child\" data-id=\"cd58ab0\" data-element_type=\"container\" data-e-type=\"container\">\n\t\t\t\t<div class=\"elementor-element elementor-element-a8c7e08 elementor-widget elementor-widget-image-box\" data-id=\"a8c7e08\" data-element_type=\"widget\" data-e-type=\"widget\" data-widget_type=\"image-box.default\">\n\t\t\t\t\t<div class=\"elementor-image-box-wrapper\"><div class=\"elementor-image-box-content\"><h3 class=\"elementor-image-box-title\">Yst\u00e4v\u00e4llinen palvelu<\/h3><p class=\"elementor-image-box-description\">Palvelumme on syd\u00e4mellist\u00e4 ja l\u00e4mmint\u00e4. Haluamme, ett\u00e4 jokainen vieraamme tuntee olonsa tervetulleeksi ja nauttii poikkeuksellisen hyvist\u00e4 ruokael\u00e4myksist\u00e4.<\/p><\/div><\/div>\t\t\t\t<\/div>\n\t\t\t\t<div class=\"elementor-element elementor-element-d420953 elementor-align-left elementor-widget elementor-widget-button\" data-id=\"d420953\" data-element_type=\"widget\" data-e-type=\"widget\" data-widget_type=\"button.default\">\n\t\t\t\t\t\t\t\t\t\t<a class=\"elementor-button elementor-button-link elementor-size-sm\" href=\"https:\/\/ristoranteroma.fi\/Roma2\/ruokalista\/\">\n\t\t\t\t\t\t<span class=\"elementor-button-content-wrapper\">\n\t\t\t\t\t\t\t\t\t<span class=\"elementor-button-text\">Lis\u00e4tietoja<\/span>\n\t\t\t\t\t<\/span>\n\t\t\t\t\t<\/a>\n\t\t\t\t\t\t\t\t<\/div>\n\t\t\t\t<\/div>\n\t\t<div class=\"elementor-element elementor-element-7696ad9 e-con-full e-flex e-con e-child\" data-id=\"7696ad9\" data-element_type=\"container\" data-e-type=\"container\">\n\t\t\t\t<div class=\"elementor-element elementor-element-3a96206 elementor-widget elementor-widget-image\" data-id=\"3a96206\" data-element_type=\"widget\" data-e-type=\"widget\" data-widget_type=\"image.default\">\n\t\t\t\t\t\t\t\t\t\t\t\t\t\t\t<img loading=\"lazy\" decoding=\"async\" width=\"1536\" height=\"2048\" src=\"https:\/\/ristoranteroma.fi\/Roma2\/wp-content\/uploads\/2026\/01\/roma-22.11.25_81.jpg\" class=\"attachment-full size-full wp-image-2711\" alt=\"\" srcset=\"https:\/\/ristoranteroma.fi\/Roma2\/wp-content\/uploads\/2026\/01\/roma-22.11.25_81.jpg 1536w, https:\/\/ristoranteroma.fi\/Roma2\/wp-content\/uploads\/2026\/01\/roma-22.11.25_81-225x300.jpg 225w, https:\/\/ristoranteroma.fi\/Roma2\/wp-content\/uploads\/2026\/01\/roma-22.11.25_81-768x1024.jpg 768w, https:\/\/ristoranteroma.fi\/Roma2\/wp-content\/uploads\/2026\/01\/roma-22.11.25_81-1152x1536.jpg 1152w, https:\/\/ristoranteroma.fi\/Roma2\/wp-content\/uploads\/2026\/01\/roma-22.11.25_81-1320x1760.jpg 1320w, https:\/\/ristoranteroma.fi\/Roma2\/wp-content\/uploads\/2026\/01\/roma-22.11.25_81-600x800.jpg 600w\" sizes=\"(max-width: 1536px) 100vw, 1536px\" \/>\t\t\t\t\t\t\t\t\t\t\t\t\t\t\t<\/div>\n\t\t\t\t<\/div>\n\t\t\t\t<\/div>\n\t\t\t\t\t<\/div>\n\t\t\t\t<\/div>\n\t\t<div class=\"elementor-element elementor-element-0558313 e-flex e-con-boxed e-con e-parent\" data-id=\"0558313\" data-element_type=\"container\" data-e-type=\"container\" data-settings=\"{&quot;background_background&quot;:&quot;classic&quot;}\">\n\t\t\t\t\t<div class=\"e-con-inner\">\n\t\t\t\t<div class=\"elementor-element elementor-element-2647010 elementor-position-top elementor-widget elementor-widget-image-box\" data-id=\"2647010\" data-element_type=\"widget\" data-e-type=\"widget\" data-widget_type=\"image-box.default\">\n\t\t\t\t\t<div class=\"elementor-image-box-wrapper\"><figure class=\"elementor-image-box-img\"><img loading=\"lazy\" decoding=\"async\" width=\"1695\" height=\"1037\" src=\"https:\/\/ristoranteroma.fi\/Roma2\/wp-content\/uploads\/2026\/01\/Roma-color.png\" class=\"attachment-full size-full wp-image-2704\" alt=\"\" srcset=\"https:\/\/ristoranteroma.fi\/Roma2\/wp-content\/uploads\/2026\/01\/Roma-color.png 1695w, https:\/\/ristoranteroma.fi\/Roma2\/wp-content\/uploads\/2026\/01\/Roma-color-300x184.png 300w, https:\/\/ristoranteroma.fi\/Roma2\/wp-content\/uploads\/2026\/01\/Roma-color-1024x626.png 1024w, https:\/\/ristoranteroma.fi\/Roma2\/wp-content\/uploads\/2026\/01\/Roma-color-768x470.png 768w, https:\/\/ristoranteroma.fi\/Roma2\/wp-content\/uploads\/2026\/01\/Roma-color-1536x940.png 1536w, https:\/\/ristoranteroma.fi\/Roma2\/wp-content\/uploads\/2026\/01\/Roma-color-1320x808.png 1320w, https:\/\/ristoranteroma.fi\/Roma2\/wp-content\/uploads\/2026\/01\/Roma-color-600x367.png 600w\" sizes=\"(max-width: 1695px) 100vw, 1695px\" \/><\/figure><div class=\"elementor-image-box-content\"><h3 class=\"elementor-image-box-title\">Rooman maut, Tampereen syd\u00e4mess\u00e4<\/h3><p class=\"elementor-image-box-description\">Otavalankatu 3, 33100 Tampere\n\n<br>\n\nAvoinna:\nMa\u2013to 16\u201322\nPe 11-23\nLa 12-23\nSu 12\u201321\n<br>\nKeitti\u00f6 sulkeutuu 30 min. ennen sulkemista.\n\n<\/p><\/div><\/div>\t\t\t\t<\/div>\n\t\t\t\t\t<\/div>\n\t\t\t\t<\/div>\n\t\t\t\t<\/div>\n\t\t","protected":false},"excerpt":{"rendered":"<p>Aito italialainen el\u00e4mys Roomalaisia makuja, viini\u00e4 ja tunnelmaa elegantissa ymp\u00e4rist\u00f6ss\u00e4 Tampereella Varaa p\u00f6yt\u00e4 nyt Tutustu p\u00e4\u00e4ruokiimme ja herkkuihin Roma laajan [&hellip;]<\/p>\n","protected":false},"author":1,"featured_media":0,"parent":0,"menu_order":0,"comment_status":"closed","ping_status":"closed","template":"","meta":{"site-sidebar-layout":"no-sidebar","site-content-layout":"","ast-site-content-layout":"full-width-container","site-content-style":"default","site-sidebar-style":"default","ast-global-header-display":"","ast-banner-title-visibility":"","ast-main-header-display":"","ast-hfb-above-header-display":"","ast-hfb-below-header-display":"","ast-hfb-mobile-header-display":"","site-post-title":"disabled","ast-breadcrumbs-content":"","ast-featured-img":"disabled","footer-sml-layout":"","ast-disable-related-posts":"","theme-transparent-header-meta":"","adv-header-id-meta":"","stick-header-meta":"","header-above-stick-meta":"","header-main-stick-meta":"","header-below-stick-meta":"","astra-migrate-meta-layouts":"default","ast-page-background-enabled":"default","ast-page-background-meta":{"desktop":{"background-color":"var(--ast-global-color-5)","background-image":"","background-repeat":"repeat","background-position":"center center","background-size":"auto","background-attachment":"scroll","background-type":"","background-media":"","overlay-type":"","overlay-color":"","overlay-opacity":"","overlay-gradient":""},"tablet":{"background-color":"","background-image":"","background-repeat":"repeat","background-position":"center center","background-size":"auto","background-attachment":"scroll","background-type":"","background-media":"","overlay-type":"","overlay-color":"","overlay-opacity":"","overlay-gradient":""},"mobile":{"background-color":"","background-image":"","background-repeat":"repeat","background-position":"center center","background-size":"auto","background-attachment":"scroll","background-type":"","background-media":"","overlay-type":"","overlay-color":"","overlay-opacity":"","overlay-gradient":""}},"ast-content-background-meta":{"desktop":{"background-color":"var(--ast-global-color-4)","background-image":"","background-repeat":"repeat","background-position":"center center","background-size":"auto","background-attachment":"scroll","background-type":"","background-media":"","overlay-type":"","overlay-color":"","overlay-opacity":"","overlay-gradient":""},"tablet":{"background-color":"var(--ast-global-color-4)","background-image":"","background-repeat":"repeat","background-position":"center center","background-size":"auto","background-attachment":"scroll","background-type":"","background-media":"","overlay-type":"","overlay-color":"","overlay-opacity":"","overlay-gradient":""},"mobile":{"background-color":"var(--ast-global-color-4)","background-image":"","background-repeat":"repeat","background-position":"center center","background-size":"auto","background-attachment":"scroll","background-type":"","background-media":"","overlay-type":"","overlay-color":"","overlay-opacity":"","overlay-gradient":""}},"footnotes":""},"class_list":["post-275","page","type-page","status-publish","hentry"],"_links":{"self":[{"href":"https:\/\/ristoranteroma.fi\/Roma2\/wp-json\/wp\/v2\/pages\/275","targetHints":{"allow":["GET"]}}],"collection":[{"href":"https:\/\/ristoranteroma.fi\/Roma2\/wp-json\/wp\/v2\/pages"}],"about":[{"href":"https:\/\/ristoranteroma.fi\/Roma2\/wp-json\/wp\/v2\/types\/page"}],"author":[{"embeddable":true,"href":"https:\/\/ristoranteroma.fi\/Roma2\/wp-json\/wp\/v2\/users\/1"}],"replies":[{"embeddable":true,"href":"https:\/\/ristoranteroma.fi\/Roma2\/wp-json\/wp\/v2\/comments?post=275"}],"version-history":[{"count":484,"href":"https:\/\/ristoranteroma.fi\/Roma2\/wp-json\/wp\/v2\/pages\/275\/revisions"}],"predecessor-version":[{"id":3599,"href":"https:\/\/ristoranteroma.fi\/Roma2\/wp-json\/wp\/v2\/pages\/275\/revisions\/3599"}],"wp:attachment":[{"href":"https:\/\/ristoranteroma.fi\/Roma2\/wp-json\/wp\/v2\/media?parent=275"}],"curies":[{"name":"wp","href":"https:\/\/api.w.org\/{rel}","templated":true}]}}