{"id":1909,"date":"2025-09-01T14:55:32","date_gmt":"2025-09-01T14:55:32","guid":{"rendered":"https:\/\/ilposto.fi\/?page_id=1909"},"modified":"2026-02-27T09:24:13","modified_gmt":"2026-02-27T09:24:13","slug":"lounas","status":"publish","type":"page","link":"https:\/\/ristoranteroma.fi\/Roma2\/lounas\/","title":{"rendered":"lounas"},"content":{"rendered":"\t\t<div data-elementor-type=\"wp-page\" data-elementor-id=\"1909\" class=\"elementor elementor-1909\">\n\t\t\t\t<div class=\"elementor-element elementor-element-08d2b1d e-flex e-con-boxed e-con e-parent\" data-id=\"08d2b1d\" data-element_type=\"container\" data-e-type=\"container\" data-settings=\"{&quot;background_background&quot;:&quot;classic&quot;}\">\n\t\t\t\t\t<div class=\"e-con-inner\">\n\t\t\t\t<div class=\"elementor-element elementor-element-cb732a3 elementor-widget elementor-widget-heading\" data-id=\"cb732a3\" data-element_type=\"widget\" data-e-type=\"widget\" data-widget_type=\"heading.default\">\n\t\t\t\t\t<h1 class=\"elementor-heading-title elementor-size-default\">Lounas<\/h1>\t\t\t\t<\/div>\n\t\t\t\t\t<\/div>\n\t\t\t\t<\/div>\n\t\t<div class=\"elementor-element elementor-element-1821ff6 e-flex e-con-boxed e-con e-parent\" data-id=\"1821ff6\" data-element_type=\"container\" data-e-type=\"container\" data-settings=\"{&quot;background_background&quot;:&quot;classic&quot;}\">\n\t\t\t\t\t<div class=\"e-con-inner\">\n\t\t\t\t<div class=\"elementor-element elementor-element-63eecf7 elementor-widget elementor-widget-image-box\" data-id=\"63eecf7\" data-element_type=\"widget\" data-e-type=\"widget\" data-widget_type=\"image-box.default\">\n\t\t\t\t\t<div class=\"elementor-image-box-wrapper\"><div class=\"elementor-image-box-content\"><h3 class=\"elementor-image-box-title\">Perjantaina 11:00-14:00 Lounas sis\u00e4lt\u00e4\u00e4 salaattip\u00f6yd\u00e4n, kahvin \/ teen, j\u00e4lkiruoan. Pelkk\u00e4 salaattip\u00f6yt\u00e4, kahvi \/ tee ja j\u00e4lkiruoka 10,00\u20ac Talon puna tai valkoviini 12 cl 5,90\u20ac Hanajuoma 2,90\u20ac<\/h3><\/div><\/div>\t\t\t\t<\/div>\n\t\t\t\t\t<\/div>\n\t\t\t\t<\/div>\n\t\t<div class=\"elementor-element elementor-element-d1c1557 e-flex e-con-boxed e-con e-parent\" data-id=\"d1c1557\" data-element_type=\"container\" data-e-type=\"container\">\n\t\t\t\t\t<div class=\"e-con-inner\">\n\t\t\t\t<div class=\"elementor-element elementor-element-099be54 elementor-widget elementor-widget-image\" data-id=\"099be54\" data-element_type=\"widget\" data-e-type=\"widget\" data-widget_type=\"image.default\">\n\t\t\t\t\t\t\t\t\t\t\t\t\t\t\t<img fetchpriority=\"high\" decoding=\"async\" width=\"724\" height=\"1024\" src=\"https:\/\/ristoranteroma.fi\/Roma2\/wp-content\/uploads\/2026\/02\/1-724x1024.png\" class=\"attachment-large size-large wp-image-3695\" alt=\"\" srcset=\"https:\/\/ristoranteroma.fi\/Roma2\/wp-content\/uploads\/2026\/02\/1-724x1024.png 724w, https:\/\/ristoranteroma.fi\/Roma2\/wp-content\/uploads\/2026\/02\/1-212x300.png 212w, https:\/\/ristoranteroma.fi\/Roma2\/wp-content\/uploads\/2026\/02\/1-768x1086.png 768w, https:\/\/ristoranteroma.fi\/Roma2\/wp-content\/uploads\/2026\/02\/1-1086x1536.png 1086w, https:\/\/ristoranteroma.fi\/Roma2\/wp-content\/uploads\/2026\/02\/1.png 1414w\" sizes=\"(max-width: 724px) 100vw, 724px\" \/>\t\t\t\t\t\t\t\t\t\t\t\t\t\t\t<\/div>\n\t\t\t\t\t<\/div>\n\t\t\t\t<\/div>\n\t\t<div class=\"elementor-element elementor-element-3586991 e-flex e-con-boxed e-con e-parent\" data-id=\"3586991\" data-element_type=\"container\" data-e-type=\"container\" data-settings=\"{&quot;background_background&quot;:&quot;classic&quot;}\">\n\t\t\t\t\t<div class=\"e-con-inner\">\n\t\t\t\t<div class=\"elementor-element elementor-element-fab137f elementor-widget elementor-widget-image-box\" data-id=\"fab137f\" data-element_type=\"widget\" data-e-type=\"widget\" data-widget_type=\"image-box.default\">\n\t\t\t\t\t<div class=\"elementor-image-box-wrapper\"><div class=\"elementor-image-box-content\"><h3 class=\"elementor-image-box-title\">Rooman maut, Tampereen syd\u00e4mess\u00e4<\/h3><p class=\"elementor-image-box-description\">Tervetuloa nauttimaan italialaisesta keitti\u00f6st\u00e4, yst\u00e4v\u00e4llisest\u00e4 palvelusta ja hetkist\u00e4, jotka j\u00e4\u00e4v\u00e4t mieleen. Varaa p\u00f6yt\u00e4 ja anna illan alkaa.<\/p><\/div><\/div>\t\t\t\t<\/div>\n\t\t\t\t\t<\/div>\n\t\t\t\t<\/div>\n\t\t\t\t<\/div>\n\t\t","protected":false},"excerpt":{"rendered":"<p>Lounas Perjantaina 11:00-14:00 Lounas sis\u00e4lt\u00e4\u00e4 salaattip\u00f6yd\u00e4n, kahvin \/ teen, j\u00e4lkiruoan. Pelkk\u00e4 salaattip\u00f6yt\u00e4, kahvi \/ tee ja j\u00e4lkiruoka 10,00\u20ac Talon puna [&hellip;]<\/p>\n","protected":false},"author":2,"featured_media":0,"parent":0,"menu_order":0,"comment_status":"closed","ping_status":"closed","template":"","meta":{"site-sidebar-layout":"no-sidebar","site-content-layout":"","ast-site-content-layout":"full-width-container","site-content-style":"default","site-sidebar-style":"default","ast-global-header-display":"","ast-banner-title-visibility":"","ast-main-header-display":"","ast-hfb-above-header-display":"","ast-hfb-below-header-display":"","ast-hfb-mobile-header-display":"","site-post-title":"disabled","ast-breadcrumbs-content":"","ast-featured-img":"disabled","footer-sml-layout":"","ast-disable-related-posts":"","theme-transparent-header-meta":"","adv-header-id-meta":"","stick-header-meta":"","header-above-stick-meta":"","header-main-stick-meta":"","header-below-stick-meta":"","astra-migrate-meta-layouts":"default","ast-page-background-enabled":"default","ast-page-background-meta":{"desktop":{"background-color":"var(--ast-global-color-5)","background-image":"","background-repeat":"repeat","background-position":"center center","background-size":"auto","background-attachment":"scroll","background-type":"","background-media":"","overlay-type":"","overlay-color":"","overlay-opacity":"","overlay-gradient":""},"tablet":{"background-color":"","background-image":"","background-repeat":"repeat","background-position":"center center","background-size":"auto","background-attachment":"scroll","background-type":"","background-media":"","overlay-type":"","overlay-color":"","overlay-opacity":"","overlay-gradient":""},"mobile":{"background-color":"","background-image":"","background-repeat":"repeat","background-position":"center center","background-size":"auto","background-attachment":"scroll","background-type":"","background-media":"","overlay-type":"","overlay-color":"","overlay-opacity":"","overlay-gradient":""}},"ast-content-background-meta":{"desktop":{"background-color":"var(--ast-global-color-4)","background-image":"","background-repeat":"repeat","background-position":"center center","background-size":"auto","background-attachment":"scroll","background-type":"","background-media":"","overlay-type":"","overlay-color":"","overlay-opacity":"","overlay-gradient":""},"tablet":{"background-color":"var(--ast-global-color-4)","background-image":"","background-repeat":"repeat","background-position":"center center","background-size":"auto","background-attachment":"scroll","background-type":"","background-media":"","overlay-type":"","overlay-color":"","overlay-opacity":"","overlay-gradient":""},"mobile":{"background-color":"var(--ast-global-color-4)","background-image":"","background-repeat":"repeat","background-position":"center center","background-size":"auto","background-attachment":"scroll","background-type":"","background-media":"","overlay-type":"","overlay-color":"","overlay-opacity":"","overlay-gradient":""}},"footnotes":""},"class_list":["post-1909","page","type-page","status-publish","hentry"],"_links":{"self":[{"href":"https:\/\/ristoranteroma.fi\/Roma2\/wp-json\/wp\/v2\/pages\/1909","targetHints":{"allow":["GET"]}}],"collection":[{"href":"https:\/\/ristoranteroma.fi\/Roma2\/wp-json\/wp\/v2\/pages"}],"about":[{"href":"https:\/\/ristoranteroma.fi\/Roma2\/wp-json\/wp\/v2\/types\/page"}],"author":[{"embeddable":true,"href":"https:\/\/ristoranteroma.fi\/Roma2\/wp-json\/wp\/v2\/users\/2"}],"replies":[{"embeddable":true,"href":"https:\/\/ristoranteroma.fi\/Roma2\/wp-json\/wp\/v2\/comments?post=1909"}],"version-history":[{"count":156,"href":"https:\/\/ristoranteroma.fi\/Roma2\/wp-json\/wp\/v2\/pages\/1909\/revisions"}],"predecessor-version":[{"id":3704,"href":"https:\/\/ristoranteroma.fi\/Roma2\/wp-json\/wp\/v2\/pages\/1909\/revisions\/3704"}],"wp:attachment":[{"href":"https:\/\/ristoranteroma.fi\/Roma2\/wp-json\/wp\/v2\/media?parent=1909"}],"curies":[{"name":"wp","href":"https:\/\/api.w.org\/{rel}","templated":true}]}}